{"id":69,"date":"2020-12-24T12:55:38","date_gmt":"2020-12-24T12:55:38","guid":{"rendered":"http:\/\/kaivospuu.fi\/?page_id=69"},"modified":"2026-01-28T07:53:57","modified_gmt":"2026-01-28T07:53:57","slug":"ymparisto","status":"publish","type":"page","link":"https:\/\/kaivospuu.fi\/en\/ymparisto\/","title":{"rendered":"Environment"},"content":{"rendered":"<p>[et_pb_section fb_built=&#8221;1&#8243; fullwidth=&#8221;on&#8221; _builder_version=&#8221;4.16&#8243; _module_preset=&#8221;default&#8221; background_color=&#8221;#5b5b5b&#8221; custom_margin_tablet=&#8221;&#8221; custom_margin_phone=&#8221;0px||0px||true|false&#8221; custom_margin_last_edited=&#8221;on|phone&#8221; custom_padding=&#8221;0px||0px||true|false&#8221; global_colors_info=&#8221;{}&#8221;][et_pb_fullwidth_header title=&#8221;Ymp\u00e4rist\u00f6&#8221; text_orientation=&#8221;center&#8221; background_overlay_color=&#8221;rgba(0,0,0,0.53)&#8221; content_max_width_tablet=&#8221;100%&#8221; content_max_width_last_edited=&#8221;off|desktop&#8221; _builder_version=&#8221;4.16&#8243; _module_preset=&#8221;default&#8221; title_font=&#8221;|700|||||||&#8221; content_font_size=&#8221;22px&#8221; content_line_height=&#8221;1.5em&#8221; background_enable_color=&#8221;off&#8221; background_image=&#8221;http:\/\/kaivospuu.fi\/wp-content\/uploads\/2020\/12\/IMG_0001-1-e1609381100513.jpg&#8221; parallax=&#8221;on&#8221; parallax_method=&#8221;on&#8221; custom_button_one=&#8221;on&#8221; button_one_use_icon=&#8221;off&#8221; button_one_custom_padding=&#8221;13px|35px|13px|35px|false|false&#8221; min_height=&#8221;50vh&#8221; min_height_tablet=&#8221;60vh&#8221; min_height_phone=&#8221;&#8221; min_height_last_edited=&#8221;on|phone&#8221; custom_margin_tablet=&#8221;&#8221; custom_margin_phone=&#8221;0px||0px||true|false&#8221; custom_margin_last_edited=&#8221;on|phone&#8221; custom_padding_tablet=&#8221;&#8221; custom_padding_phone=&#8221;62px||62px||true|false&#8221; custom_padding_last_edited=&#8221;on|phone&#8221; custom_css_main_element=&#8221;display:flex;||justify-content:center;||align-items:center;&#8221; global_colors_info=&#8221;{}&#8221; custom_css_main_element_last_edited=&#8221;on|desktop&#8221; custom_css_main_element_tablet=&#8221;display:flex;||justify-content:center;||align-items:center;&#8221; custom_css_main_element_phone=&#8221;display:flex;||justify-content:center;||align-items:center;&#8221;][\/et_pb_fullwidth_header][\/et_pb_section][et_pb_section fb_built=&#8221;1&#8243; _builder_version=&#8221;4.16&#8243; _module_preset=&#8221;default&#8221; global_colors_info=&#8221;{}&#8221;][et_pb_row admin_label=&#8221;PEFC ja FSC teksti&#8221; _builder_version=&#8221;4.27.5&#8243; _module_preset=&#8221;default&#8221; width_tablet=&#8221;&#8221; width_phone=&#8221;87%&#8221; width_last_edited=&#8221;on|phone&#8221; global_colors_info=&#8221;{}&#8221;][et_pb_column type=&#8221;4_4&#8243; _builder_version=&#8221;4.16&#8243; _module_preset=&#8221;default&#8221; global_colors_info=&#8221;{}&#8221;][et_pb_image src=&#8221;http:\/\/kaivospuu.fi\/wp-content\/uploads\/2020\/12\/logo-favicon.png&#8221; alt=&#8221;logo-favicon&#8221; align=&#8221;center&#8221; admin_label=&#8221;Kaivospuu logo&#8221; _builder_version=&#8221;4.16&#8243; _module_preset=&#8221;default&#8221; global_colors_info=&#8221;{}&#8221;][\/et_pb_image][et_pb_text _builder_version=&#8221;4.27.5&#8243; _module_preset=&#8221;default&#8221; text_text_color=&#8221;#000000&#8243; text_font_size=&#8221;18px&#8221; link_text_color=&#8221;#14932c&#8221; hover_enabled=&#8221;0&#8243; header_4_font_size_tablet=&#8221;&#8221; header_4_font_size_phone=&#8221;17px&#8221; header_4_font_size_last_edited=&#8221;on|phone&#8221; header_4_line_height_tablet=&#8221;&#8221; header_4_line_height_phone=&#8221;1.3em&#8221; header_4_line_height_last_edited=&#8221;on|phone&#8221; global_colors_info=&#8221;{}&#8221; sticky_enabled=&#8221;0&#8243;]<\/p>\n<h2><strong>Environment <\/strong><\/h2>\n<p>Kaivospuu Oy hankkii puuta suomalaisista sertifioiduista metsist\u00e4. Puun hankinnassa noudatamme sertifioidun puun alkuper\u00e4n hallintaj\u00e4rjestelmi\u00e4 (PEFC ST 2002:2020 ja PEFC ST 2001:2020) ja (FSC-STD-40-004, FSC-STD-40-005). Kaivospuu Oy:ll\u00e4 on oikeus kansainv\u00e4lisen PEFC-merkin k\u00e4ytt\u00f6\u00f6n (rekisterinumero FIN-PEFC-COC-1588).<\/p>\n<p>Kaivospuulle on my\u00f6nnetty FSC\u00ae-sertifikaatti (FSC-C143805) soveltamisalaa varten.<\/p>\n<p><a href=\"https:\/\/kaivospuu.fi\/wp-content\/uploads\/2025\/12\/FSC-CU-COC-906344-Kaivospuu-Oy.pdf\">FSC CU-COC-906344<\/a><br \/>\n<a href=\"https:\/\/kaivospuu.fi\/wp-content\/uploads\/2025\/12\/1588-Kaivospuu-Oy-PEFC-Sertifikaatti-04-10-2024-FI.pdf\">PEFC FIN-PEFC-COC-1588 FI<\/a><br \/>\n<a href=\"https:\/\/kaivospuu.fi\/wp-content\/uploads\/2025\/12\/1588-Kaivospuu-Oy-PEFC-certificate-04-10-2024-EN.pdf\">PEFC FIN-PEFC-COC-1588 EN<\/a><\/p>\n<p>Ymp\u00e4rist\u00f6n huomioon ottaminen on luonteva osa kaikessa toiminnassamme.[\/et_pb_text][et_pb_button button_url=&#8221;http:\/\/kaivospuu.fi\/yhteystiedot\/&#8221; button_text=&#8221;Ota yhteytt\u00e4&#8221; button_alignment=&#8221;center&#8221; _builder_version=&#8221;4.7.7&#8243; _module_preset=&#8221;default&#8221; custom_button=&#8221;on&#8221; button_use_icon=&#8221;off&#8221; custom_margin=&#8221;20px||||false|false&#8221; custom_padding=&#8221;13px|35px|13px|35px|true|true&#8221; button_text_size_tablet=&#8221;&#8221; button_text_size_phone=&#8221;14px&#8221; button_text_size_last_edited=&#8221;on|phone&#8221; global_module=&#8221;32&#8243; saved_tabs=&#8221;all&#8221; global_colors_info=&#8221;{}&#8221;][\/et_pb_button][\/et_pb_column][\/et_pb_row][\/et_pb_section][et_pb_section fb_built=&#8221;1&#8243; admin_label=&#8221;LaituriKuva&#8221; _builder_version=&#8221;4.16&#8243; _module_preset=&#8221;default&#8221; background_image=&#8221;http:\/\/kaivospuu.fi\/wp-content\/uploads\/2020\/12\/CTA-2.jpg&#8221; parallax=&#8221;on&#8221; min_height=&#8221;500px&#8221; min_height_tablet=&#8221;&#8221; min_height_phone=&#8221;297px&#8221; min_height_last_edited=&#8221;on|phone&#8221; global_colors_info=&#8221;{}&#8221;][et_pb_row _builder_version=&#8221;4.16&#8243; _module_preset=&#8221;default&#8221; global_colors_info=&#8221;{}&#8221;][et_pb_column type=&#8221;4_4&#8243; _builder_version=&#8221;4.16&#8243; _module_preset=&#8221;default&#8221; global_colors_info=&#8221;{}&#8221;][et_pb_divider show_divider=&#8221;off&#8221; _builder_version=&#8221;4.16&#8243; _module_preset=&#8221;default&#8221; global_colors_info=&#8221;{}&#8221;][\/et_pb_divider][\/et_pb_column][\/et_pb_row][\/et_pb_section]<\/p>","protected":false},"excerpt":{"rendered":"<p>Ymp\u00e4rist\u00f6 Kaivospuu Oy hankkii puuta suomalaisista sertifioiduista metsist\u00e4. Puun hankinnassa noudatamme sertifioidun puun alkuper\u00e4n hallintaj\u00e4rjestelmi\u00e4 (PEFC ST 2002:2020 ja PEFC ST 2001:2020) ja (FSC-STD-40-004, FSC-STD-40-005). Kaivospuu Oy:ll\u00e4 on oikeus kansainv\u00e4lisen PEFC-merkin k\u00e4ytt\u00f6\u00f6n (rekisterinumero FIN-PEFC-COC-1588). Kaivospuulle on my\u00f6nnetty FSC\u00ae-sertifikaatti (FSC-C143805) soveltamisalaa varten. FSC CU-COC-906344 PEFC FIN-PEFC-COC-1588 FI PEFC FIN-PEFC-COC-1588 EN Ymp\u00e4rist\u00f6n huomioon ottaminen on luonteva osa [&hellip;]<\/p>","protected":false},"author":1,"featured_media":0,"parent":0,"menu_order":0,"comment_status":"closed","ping_status":"closed","template":"","meta":{"_et_pb_use_builder":"on","_et_pb_old_content":"","_et_gb_content_width":"","footnotes":""},"class_list":["post-69","page","type-page","status-publish","hentry"],"_links":{"self":[{"href":"https:\/\/kaivospuu.fi\/en\/wp-json\/wp\/v2\/pages\/69","targetHints":{"allow":["GET"]}}],"collection":[{"href":"https:\/\/kaivospuu.fi\/en\/wp-json\/wp\/v2\/pages"}],"about":[{"href":"https:\/\/kaivospuu.fi\/en\/wp-json\/wp\/v2\/types\/page"}],"author":[{"embeddable":true,"href":"https:\/\/kaivospuu.fi\/en\/wp-json\/wp\/v2\/users\/1"}],"replies":[{"embeddable":true,"href":"https:\/\/kaivospuu.fi\/en\/wp-json\/wp\/v2\/comments?post=69"}],"version-history":[{"count":27,"href":"https:\/\/kaivospuu.fi\/en\/wp-json\/wp\/v2\/pages\/69\/revisions"}],"predecessor-version":[{"id":659,"href":"https:\/\/kaivospuu.fi\/en\/wp-json\/wp\/v2\/pages\/69\/revisions\/659"}],"wp:attachment":[{"href":"https:\/\/kaivospuu.fi\/en\/wp-json\/wp\/v2\/media?parent=69"}],"curies":[{"name":"wp","href":"https:\/\/api.w.org\/{rel}","templated":true}]}}