{"id":72,"date":"2020-12-24T12:55:53","date_gmt":"2020-12-24T12:55:53","guid":{"rendered":"http:\/\/kaivospuu.fi\/?page_id=72"},"modified":"2024-09-30T08:44:42","modified_gmt":"2024-09-30T08:44:42","slug":"yhteystiedot","status":"publish","type":"page","link":"http:\/\/kaivospuu.fi\/en\/yhteystiedot\/","title":{"rendered":"Contact information"},"content":{"rendered":"<p>[et_pb_section fb_built=&#8221;1&#8243; fullwidth=&#8221;on&#8221; _builder_version=&#8221;4.16&#8243; _module_preset=&#8221;default&#8221; background_color=&#8221;#5b5b5b&#8221; global_colors_info=&#8221;{}&#8221;][et_pb_fullwidth_header title=&#8221;Yhteystiedot&#8221; text_orientation=&#8221;center&#8221; background_overlay_color=&#8221;rgba(0,0,0,0.53)&#8221; content_max_width_tablet=&#8221;100%&#8221; content_max_width_last_edited=&#8221;off|desktop&#8221; _builder_version=&#8221;4.16&#8243; _module_preset=&#8221;default&#8221; title_font=&#8221;|700|||||||&#8221; content_font_size=&#8221;22px&#8221; content_line_height=&#8221;1.5em&#8221; background_enable_color=&#8221;off&#8221; background_image=&#8221;http:\/\/kaivospuu.fi\/wp-content\/uploads\/2020\/12\/Tuotanto-ja-tuotteet.jpg&#8221; parallax=&#8221;on&#8221; custom_button_one=&#8221;on&#8221; button_one_use_icon=&#8221;off&#8221; button_one_custom_padding=&#8221;13px|35px|13px|35px|false|false&#8221; min_height=&#8221;50vh&#8221; min_height_tablet=&#8221;60vh&#8221; min_height_phone=&#8221;&#8221; min_height_last_edited=&#8221;on|phone&#8221; custom_padding_tablet=&#8221;&#8221; custom_padding_phone=&#8221;62px||62px||true|false&#8221; custom_padding_last_edited=&#8221;on|phone&#8221; custom_css_main_element=&#8221;display:flex;||justify-content:center;||align-items:center;&#8221; global_colors_info=&#8221;{}&#8221; custom_css_main_element_last_edited=&#8221;on|desktop&#8221; custom_css_main_element_tablet=&#8221;display:flex;||justify-content:center;||align-items:center;&#8221; custom_css_main_element_phone=&#8221;display:flex;||justify-content:center;||align-items:center;&#8221;][\/et_pb_fullwidth_header][\/et_pb_section][et_pb_section fb_built=&#8221;1&#8243; _builder_version=&#8221;4.16&#8243; _module_preset=&#8221;default&#8221; global_colors_info=&#8221;{}&#8221;][et_pb_row column_structure=&#8221;2_5,3_5&#8243; module_class=&#8221;flexed&#8221; _builder_version=&#8221;4.16&#8243; _module_preset=&#8221;default&#8221; width_tablet=&#8221;&#8221; width_phone=&#8221;92%&#8221; width_last_edited=&#8221;on|phone&#8221; global_colors_info=&#8221;{}&#8221;][et_pb_column type=&#8221;2_5&#8243; _builder_version=&#8221;4.16&#8243; _module_preset=&#8221;default&#8221; global_colors_info=&#8221;{}&#8221;][et_pb_text content_tablet=&#8221;&#8221; content_phone=&#8221;<\/p>\n<h3 style=\"%22text-align:\" center;%22><strong>Kaivospuu Oy<\/strong><\/h3>\n<p style=\"%22text-align:\" center;%22><span>Puumestarintie 20<\/span><br \/> <span>82200 Hammaslahti<\/span><\/p>\n<p style=\"%22text-align:\" center;%22><a href=\"\/en\/%22mailto:info@kaivospuu.fi%22\/\" data-et-target-link=\"%22_blank%22\" rel=\"%22noopener%22\">info@kaivospuu.fi<\/a><\/p>\n<p>&#8221; content_last_edited=&#8221;on|phone&#8221; admin_label=&#8221;Kaivospuu osoite&#8221; _builder_version=&#8221;4.16&#8243; _module_preset=&#8221;default&#8221; module_alignment_tablet=&#8221;&#8221; module_alignment_phone=&#8221;&#8221; module_alignment_last_edited=&#8221;on|phone&#8221; global_colors_info=&#8221;{}&#8221;]<\/p>\n<h3><strong>Kaivospuu Oy<\/strong><\/h3>\n<p>Puumestarintie 20<br \/>82200 Hammaslahti<\/p>\n<p><a href=\"mailto:info@kaivospuu.fi\" target=\"_blank\" rel=\"noopener\">info@kaivospuu.fi<\/a><\/p>\n<p>[\/et_pb_text][et_pb_text content_tablet=&#8221;&#8221; content_phone=&#8221;<\/p>\n<h3 style=\"%22text-align:\" center;%22><strong>Kaivospuu Oy<\/strong><\/h3>\n<p style=\"%22text-align:\" center;%22><span>Puumestarintie 20<\/span><br \/> <span>82200 Hammaslahti<\/span><\/p>\n<p style=\"%22text-align:\" center;%22><a href=\"\/en\/%22mailto:info@kaivospuu.fi%22\/\" data-et-target-link=\"%22_blank%22\" rel=\"%22noopener%22\">info@kaivospuu.fi<\/a><\/p>\n<p>&#8221; content_last_edited=&#8221;on|phone&#8221; admin_label=&#8221;Verkkolaskuosoite&#8221; _builder_version=&#8221;4.16&#8243; _module_preset=&#8221;default&#8221; module_alignment_tablet=&#8221;&#8221; module_alignment_phone=&#8221;&#8221; module_alignment_last_edited=&#8221;on|phone&#8221; global_colors_info=&#8221;{}&#8221;]<\/p>\n<h3><strong>Verkkolaskuosoite\u00a0<\/strong><\/h3>\n<p>Kaivospuu Oy<br \/>Business ID: 1543501-5<br \/>E-invoice address: 003715435015<br \/>Operator ID: 003721291126<br \/>Mediator: Maventa<\/p>\n<p>[\/et_pb_text][\/et_pb_column][et_pb_column type=&#8221;3_5&#8243; _builder_version=&#8221;4.16&#8243; _module_preset=&#8221;default&#8221; global_colors_info=&#8221;{}&#8221;][et_pb_code admin_label=&#8221;Google maps&#8221; _builder_version=&#8221;4.16&#8243; _module_preset=&#8221;default&#8221; global_colors_info=&#8221;{}&#8221;]<\/p>\n<div style=\"width: 100%\"><iframe loading=\"lazy\" width=\"100%\" height=\"400\" frameborder=\"0\" scrolling=\"no\" marginheight=\"0\" marginwidth=\"0\" src=\"https:\/\/maps.google.com\/maps?width=100%25&#038;height=400&#038;hl=en&#038;q=Puumestarintie%2020%2082200%20Hammaslahti+(Kaivospuu)&#038;t=&#038;z=14&#038;ie=UTF8&#038;iwloc=B&#038;output=embed\"><\/iframe><a href=\"https:\/\/www.maps.ie\/route-planner.htm\">Google Route Planner<\/a><\/div>\n<p>[\/et_pb_code][\/et_pb_column][\/et_pb_row][\/et_pb_section][et_pb_section fb_built=&#8221;1&#8243; custom_padding_last_edited=&#8221;on|phone&#8221; _builder_version=&#8221;4.16&#8243; _module_preset=&#8221;default&#8221; custom_padding_tablet=&#8221;&#8221; custom_padding_phone=&#8221;0px||||false|false&#8221; global_colors_info=&#8221;{}&#8221;][et_pb_row column_structure=&#8221;1_3,1_3,1_3&#8243; _builder_version=&#8221;4.16&#8243; _module_preset=&#8221;default&#8221; global_colors_info=&#8221;{}&#8221;][et_pb_column type=&#8221;1_3&#8243; _builder_version=&#8221;4.16&#8243; _module_preset=&#8221;default&#8221; global_colors_info=&#8221;{}&#8221;][et_pb_blurb title=&#8221;Silver Tooming&#8221; image=&#8221;http:\/\/kaivospuu.fi\/wp-content\/uploads\/2020\/12\/Silver-1-scaled-e1609380689247.jpg&#8221; alt=&#8221;Jari-Suomalainen&#8221; image_icon_width=&#8221;35%&#8221; admin_label=&#8221;Silver Tooming&#8221; _builder_version=&#8221;4.21.0&#8243; _module_preset=&#8221;default&#8221; header_font=&#8221;|700|||||||&#8221; text_orientation=&#8221;center&#8221; border_radii_image=&#8221;on|100px|100px|100px|100px&#8221; image_max_width=&#8221;35%&#8221; global_colors_info=&#8221;{}&#8221;]<\/p>\n<p><em>Production Manager<\/em><\/p>\n<p>silver.tooming(a)kaivospuu.fi<\/p>\n<p>[\/et_pb_blurb][\/et_pb_column][et_pb_column type=&#8221;1_3&#8243; _builder_version=&#8221;4.16&#8243; _module_preset=&#8221;default&#8221; global_colors_info=&#8221;{}&#8221;][et_pb_blurb title=&#8221;Petri Rajasuo&#8221; image=&#8221;http:\/\/kaivospuu.fi\/wp-content\/uploads\/2023\/04\/Petri-Rajasuo-Cropped.jpg&#8221; alt=&#8221;Silver&#8221; image_icon_width=&#8221;35%&#8221; image_tablet=&#8221;http:\/\/kaivospuu.fi\/wp-content\/uploads\/2023\/04\/Petri-Rajasuo.jpg&#8221; image_phone=&#8221;http:\/\/kaivospuu.fi\/wp-content\/uploads\/2023\/04\/Petri-Rajasuo.jpg&#8221; image_last_edited=&#8221;off|desktop&#8221; admin_label=&#8221;Petri Rajasuo&#8221; _builder_version=&#8221;4.20.4&#8243; _module_preset=&#8221;default&#8221; header_font=&#8221;|700|||||||&#8221; text_orientation=&#8221;center&#8221; border_radii_image=&#8221;on|56px|56px|56px|56px&#8221; image_max_width=&#8221;35%&#8221; global_colors_info=&#8221;{}&#8221; image__hover_enabled=&#8221;off|desktop&#8221;]<\/p>\n<p><em>CEO<\/em><br \/>puh. 040 035 2965<br \/>petri.rajasuo(a)kaivospuu.fi<\/p>\n<p>[\/et_pb_blurb][\/et_pb_column][et_pb_column type=&#8221;1_3&#8243; _builder_version=&#8221;4.16&#8243; _module_preset=&#8221;default&#8221; global_colors_info=&#8221;{}&#8221;][et_pb_blurb title=&#8221;Jani Ruuskanen&#8221; image=&#8221;http:\/\/kaivospuu.fi\/wp-content\/uploads\/2020\/12\/Jani-scaled.jpg&#8221; alt=&#8221;Jari-Suomalainen&#8221; image_icon_width=&#8221;35%&#8221; admin_label=&#8221;Jani Ruuskanen&#8221; _builder_version=&#8221;4.16&#8243; _module_preset=&#8221;default&#8221; header_font=&#8221;|700|||||||&#8221; text_orientation=&#8221;center&#8221; custom_margin=&#8221;-2px||||false|false&#8221; custom_margin_tablet=&#8221;&#8221; custom_margin_phone=&#8221;-10px||||false|false&#8221; custom_margin_last_edited=&#8221;on|phone&#8221; custom_padding_tablet=&#8221;&#8221; custom_padding_phone=&#8221;0px||15px||false|false&#8221; custom_padding_last_edited=&#8221;on|phone&#8221; border_radii_image=&#8221;on|100px|100px|100px|100px&#8221; image_max_width=&#8221;35%&#8221; global_colors_info=&#8221;{}&#8221;]<\/p>\n<p><em>Sales Manager<\/em><br \/>Tel. (+358) 50 307 5571<br \/>jani.ruuskanen(a)kaivospuu.fi<\/p>\n<p>[\/et_pb_blurb][\/et_pb_column][\/et_pb_row][et_pb_row column_structure=&#8221;1_3,1_3,1_3&#8243; _builder_version=&#8221;4.16&#8243; _module_preset=&#8221;default&#8221; custom_padding=&#8221;||1px|||&#8221; global_colors_info=&#8221;{}&#8221;][et_pb_column type=&#8221;1_3&#8243; _builder_version=&#8221;4.16&#8243; _module_preset=&#8221;default&#8221; global_colors_info=&#8221;{}&#8221;][et_pb_blurb title=&#8221;Jukka Toivanen&#8221; image=&#8221;http:\/\/kaivospuu.fi\/wp-content\/uploads\/2021\/01\/Na\u0308ytto\u0308kuva-2021-1-11-kello-17.22.23.png&#8221; alt=&#8221;Jani-s&#8221; image_icon_width=&#8221;35%&#8221; admin_label=&#8221;Jukka Toivanen&#8221; _builder_version=&#8221;4.16&#8243; _module_preset=&#8221;default&#8221; header_font=&#8221;|700|||||||&#8221; text_orientation=&#8221;center&#8221; custom_margin=&#8221;4px||||false|false&#8221; custom_margin_tablet=&#8221;&#8221; custom_margin_phone=&#8221;35px||10px||false|false&#8221; custom_margin_last_edited=&#8221;on|phone&#8221; border_radii_image=&#8221;on|100px|100px|100px|100px&#8221; image_max_width=&#8221;35%&#8221; global_colors_info=&#8221;{}&#8221;]<\/p>\n<p><em>Production Manager<\/em><br \/>Tel. (+358) 50 338 3298<br \/>jukka.toivanen(a)kaivospuu.fi<\/p>\n<p>[\/et_pb_blurb][\/et_pb_column][et_pb_column type=&#8221;1_3&#8243; _builder_version=&#8221;4.16&#8243; _module_preset=&#8221;default&#8221; global_colors_info=&#8221;{}&#8221;][et_pb_blurb title=&#8221;Satu Lempi\u00e4inen&#8221; image=&#8221;http:\/\/kaivospuu.fi\/wp-content\/uploads\/2020\/12\/Satu-1-scaled-e1609380657250.jpg&#8221; alt=&#8221;Jari-Suomalainen&#8221; image_icon_width=&#8221;35%&#8221; image_tablet=&#8221;&#8221; image_phone=&#8221;http:\/\/kaivospuu.fi\/wp-content\/uploads\/2021\/01\/Screenshot-2021-01-20-at-15.54.37.png&#8221; image_last_edited=&#8221;on|phone&#8221; admin_label=&#8221;Satu Lempiainen&#8221; _builder_version=&#8221;4.25.1&#8243; _module_preset=&#8221;default&#8221; header_font=&#8221;|700|||||||&#8221; text_orientation=&#8221;center&#8221; custom_margin=&#8221;||50px|||&#8221; custom_margin_tablet=&#8221;&#8221; custom_margin_phone=&#8221;||18px||false|false&#8221; custom_margin_last_edited=&#8221;on|phone&#8221; custom_padding_tablet=&#8221;&#8221; custom_padding_phone=&#8221;&#8221; custom_padding_last_edited=&#8221;on|phone&#8221; border_radii_image=&#8221;on|100px|100px|100px|100px&#8221; image_max_width=&#8221;35%&#8221; global_colors_info=&#8221;{}&#8221;]<\/p>\n<p><em>Exporting and Accounting<\/em><br \/>puh. 050 312 3136<br \/>satu.lempiainen(a)kaivospuu.fi<\/p>\n<p>[\/et_pb_blurb][\/et_pb_column][et_pb_column type=&#8221;1_3&#8243; _builder_version=&#8221;4.16&#8243; _module_preset=&#8221;default&#8221; global_colors_info=&#8221;{}&#8221;][et_pb_blurb title=&#8221;Igor Johansson&#8221; image=&#8221;http:\/\/kaivospuu.fi\/wp-content\/uploads\/2021\/05\/Johansson-Igor.jpg&#8221; alt=&#8221;Jari-Suomalainen&#8221; image_icon_width=&#8221;35%&#8221; image_tablet=&#8221;&#8221; image_phone=&#8221;http:\/\/kaivospuu.fi\/wp-content\/uploads\/2021\/05\/Johansson-Igor.jpg&#8221; image_last_edited=&#8221;on|desktop&#8221; admin_label=&#8221;Igor Johansson&#8221; _builder_version=&#8221;4.16&#8243; _module_preset=&#8221;default&#8221; header_font=&#8221;|700|||||||&#8221; text_orientation=&#8221;center&#8221; custom_margin=&#8221;||50px|||&#8221; custom_margin_tablet=&#8221;&#8221; custom_margin_phone=&#8221;||18px||false|false&#8221; custom_margin_last_edited=&#8221;on|phone&#8221; custom_padding_tablet=&#8221;&#8221; custom_padding_phone=&#8221;&#8221; custom_padding_last_edited=&#8221;on|phone&#8221; border_radii_image=&#8221;on|100px|100px|100px|100px&#8221; image_max_width=&#8221;35%&#8221; global_colors_info=&#8221;{}&#8221;]<\/p>\n<p><em>Transportation and storage<\/em><br \/>Tel. (+358) 45 237 6797<br \/>igor.johansson(a)kaivospuu.fi<\/p>\n<p>[\/et_pb_blurb][\/et_pb_column][\/et_pb_row][et_pb_row column_structure=&#8221;1_3,1_3,1_3&#8243; _builder_version=&#8221;4.16&#8243; _module_preset=&#8221;default&#8221; custom_padding=&#8221;6px|||||&#8221; global_colors_info=&#8221;{}&#8221;][et_pb_column type=&#8221;1_3&#8243; _builder_version=&#8221;4.16&#8243; _module_preset=&#8221;default&#8221; global_colors_info=&#8221;{}&#8221;][et_pb_blurb title=&#8221;Jere T\u00f6rr\u00f6nen&#8221; image=&#8221;http:\/\/kaivospuu.fi\/wp-content\/uploads\/2021\/08\/jere-2.png&#8221; alt=&#8221;Borje&#8221; image_icon_width=&#8221;35%&#8221; image_tablet=&#8221;&#8221; image_phone=&#8221;&#8221; image_last_edited=&#8221;on|phone&#8221; admin_label=&#8221;Jere T\u00f6rr\u00f6nen&#8221; _builder_version=&#8221;4.16&#8243; _module_preset=&#8221;default&#8221; header_font=&#8221;|700|||||||&#8221; text_orientation=&#8221;center&#8221; custom_padding_tablet=&#8221;&#8221; custom_padding_phone=&#8221;15px||15px||true|false&#8221; custom_padding_last_edited=&#8221;on|phone&#8221; border_radii_image=&#8221;on|298px|298px|298px|298px&#8221; image_max_width=&#8221;35%&#8221; global_colors_info=&#8221;{}&#8221;]<\/p>\n<p class=\"translation-block\"><em>Maintenance<\/em><br>puh. 040 124 1866<br>jere.torronen(a)kaivospuu.fi<\/p>\n<p>[\/et_pb_blurb][\/et_pb_column][et_pb_column type=&#8221;1_3&#8243; _builder_version=&#8221;4.16&#8243; _module_preset=&#8221;default&#8221; global_colors_info=&#8221;{}&#8221;][et_pb_blurb title=&#8221;Simo Kuittinen&#8221; image=&#8221;http:\/\/kaivospuu.fi\/wp-content\/uploads\/2022\/01\/simokuittinen.jpg&#8221; alt=&#8221;Jari-Suomalainen&#8221; image_icon_width=&#8221;35%&#8221; image_tablet=&#8221;http:\/\/kaivospuu.fi\/wp-content\/uploads\/2022\/01\/simokuittinen.jpg&#8221; image_phone=&#8221;http:\/\/kaivospuu.fi\/wp-content\/uploads\/2022\/01\/simokuittinen.jpg&#8221; image_last_edited=&#8221;on|desktop&#8221; admin_label=&#8221;Simo Kuittinen&#8221; _builder_version=&#8221;4.25.1&#8243; _module_preset=&#8221;default&#8221; header_font=&#8221;|700|||||||&#8221; text_orientation=&#8221;center&#8221; custom_padding=&#8221;4px||||false|false&#8221; border_radii_image=&#8221;on|100px|100px|100px|100px&#8221; image_max_width=&#8221;35%&#8221; global_colors_info=&#8221;{}&#8221;]<\/p>\n<p><em>Mets\u00e4vastaava<\/em><br \/>Pohjoinen hankinta-alue<br \/>Toimituspuu<br \/>puh. 045 273 6365<br \/>simo.kuittinen(a)kaivospuu.fi<\/p>\n<p>[\/et_pb_blurb][et_pb_blurb title=&#8221;Puun vastaanotto&#8221; image=&#8221;http:\/\/kaivospuu.fi\/wp-content\/uploads\/2020\/12\/piqsels.com-id-szklo-scaled-e1609380765869.jpg&#8221; image_icon_width=&#8221;35%&#8221; image_tablet=&#8221;&#8221; image_phone=&#8221;http:\/\/kaivospuu.fi\/wp-content\/uploads\/2021\/01\/Screenshot-2021-01-20-at-15.55.11.png&#8221; image_last_edited=&#8221;on|phone&#8221; admin_label=&#8221;Tukki&#8221; _builder_version=&#8221;4.16&#8243; _module_preset=&#8221;default&#8221; header_font=&#8221;|700|||||||&#8221; text_orientation=&#8221;center&#8221; custom_margin=&#8221;0px||||false|false&#8221; custom_margin_tablet=&#8221;&#8221; custom_margin_phone=&#8221;15px||||false|false&#8221; custom_margin_last_edited=&#8221;on|desktop&#8221; custom_padding=&#8221;4px||||false|false&#8221; custom_padding_tablet=&#8221;&#8221; custom_padding_phone=&#8221;&#8221; custom_padding_last_edited=&#8221;on|desktop&#8221; border_radii_image=&#8221;on|428px|428px|428px|428px&#8221; image_max_width=&#8221;35%&#8221; global_colors_info=&#8221;{}&#8221;]<\/p>\n<p>Tel. (+358) 50 567 4872<br \/>tukki(a)kaivospuu.fi<\/p>\n<p>[\/et_pb_blurb][\/et_pb_column][et_pb_column type=&#8221;1_3&#8243; _builder_version=&#8221;4.16&#8243; _module_preset=&#8221;default&#8221; global_colors_info=&#8221;{}&#8221;][et_pb_blurb title=&#8221;Petrus Martiskin&#8221; image=&#8221;http:\/\/kaivospuu.fi\/wp-content\/uploads\/2024\/09\/Martiskin-Petrus.jpg&#8221; alt=&#8221;Jari-Suomalainen&#8221; image_icon_width=&#8221;35%&#8221; image_tablet=&#8221;http:\/\/kaivospuu.fi\/wp-content\/uploads\/2024\/09\/Martiskin-Petrus.jpg&#8221; image_phone=&#8221;http:\/\/kaivospuu.fi\/wp-content\/uploads\/2024\/09\/Martiskin-Petrus.jpg&#8221; image_last_edited=&#8221;on|phone&#8221; admin_label=&#8221;Petrus Martiskin&#8221; _builder_version=&#8221;4.25.1&#8243; _module_preset=&#8221;default&#8221; header_font=&#8221;|700|||||||&#8221; text_orientation=&#8221;center&#8221; custom_padding=&#8221;4px||||false|false&#8221; hover_enabled=&#8221;0&#8243; border_radii_image=&#8221;on|100px|100px|100px|100px&#8221; image_max_width=&#8221;35%&#8221; global_colors_info=&#8221;{}&#8221; sticky_enabled=&#8221;0&#8243;]<\/p>\n<p><em>Mets\u00e4vastaava<\/em><br \/>Etel\u00e4inen hankinta-alue<br \/>puh. 045 114 5312<br \/>petrus.martiskin(a)kaivospuu.fi<\/p>\n<p>[\/et_pb_blurb][\/et_pb_column][\/et_pb_row][et_pb_row column_structure=&#8221;1_3,1_3,1_3&#8243; _builder_version=&#8221;4.16&#8243; _module_preset=&#8221;default&#8221; custom_padding=&#8221;6px|||||&#8221; global_colors_info=&#8221;{}&#8221;][et_pb_column type=&#8221;1_3&#8243; _builder_version=&#8221;4.16&#8243; _module_preset=&#8221;default&#8221; global_colors_info=&#8221;{}&#8221;][\/et_pb_column][et_pb_column type=&#8221;1_3&#8243; _builder_version=&#8221;4.16&#8243; _module_preset=&#8221;default&#8221; global_colors_info=&#8221;{}&#8221;][\/et_pb_column][et_pb_column type=&#8221;1_3&#8243; _builder_version=&#8221;4.16&#8243; _module_preset=&#8221;default&#8221; global_colors_info=&#8221;{}&#8221;][\/et_pb_column][\/et_pb_row][\/et_pb_section]<\/p>","protected":false},"excerpt":{"rendered":"<p>Kaivospuu Oy Puumestarintie 2082200 Hammaslahti info@kaivospuu.fiVerkkolaskuosoite\u00a0 Kaivospuu OyY-tunnus: 1543501-5Verkkolaskuosoite: 003715435015Operaattoritunnus: 003721291126V\u00e4litt\u00e4j\u00e4: MaventaTehdasp\u00e4\u00e4llikk\u00f6 silver.tooming(a)kaivospuu.fiToimitusjohtajapuh. 040 035 2965petri.rajasuo(a)kaivospuu.fiMyyntip\u00e4\u00e4llikk\u00f6puh. 050 307 5571jani.ruuskanen(a)kaivospuu.fiTuotantop\u00e4\u00e4llikk\u00f6puh. 050 338 3298jukka.toivanen(a)kaivospuu.fiLaskutus ja vientiasiakirjatpuh. 050 312 3136satu.lempiainen(a)kaivospuu.fiKuljetus ja varastopuh. 045 237 6797igor.johansson(a)kaivospuu.fiKunnossapitopuh. 040 124 1866jere.torronen(a)kaivospuu.fiMets\u00e4vastaavaPohjoinen hankinta-alueToimituspuupuh. 045 273 6365simo.kuittinen(a)kaivospuu.fipuh. 050 567 4872tukki(a)kaivospuu.fiMets\u00e4vastaavaEtel\u00e4inen hankinta-aluepuh. 045 114 5312petrus.martiskin(a)kaivospuu.fi<\/p>","protected":false},"author":1,"featured_media":0,"parent":0,"menu_order":0,"comment_status":"closed","ping_status":"closed","template":"","meta":{"_et_pb_use_builder":"on","_et_pb_old_content":"","_et_gb_content_width":"","footnotes":""},"class_list":["post-72","page","type-page","status-publish","hentry"],"_links":{"self":[{"href":"http:\/\/kaivospuu.fi\/en\/wp-json\/wp\/v2\/pages\/72","targetHints":{"allow":["GET"]}}],"collection":[{"href":"http:\/\/kaivospuu.fi\/en\/wp-json\/wp\/v2\/pages"}],"about":[{"href":"http:\/\/kaivospuu.fi\/en\/wp-json\/wp\/v2\/types\/page"}],"author":[{"embeddable":true,"href":"http:\/\/kaivospuu.fi\/en\/wp-json\/wp\/v2\/users\/1"}],"replies":[{"embeddable":true,"href":"http:\/\/kaivospuu.fi\/en\/wp-json\/wp\/v2\/comments?post=72"}],"version-history":[{"count":59,"href":"http:\/\/kaivospuu.fi\/en\/wp-json\/wp\/v2\/pages\/72\/revisions"}],"predecessor-version":[{"id":621,"href":"http:\/\/kaivospuu.fi\/en\/wp-json\/wp\/v2\/pages\/72\/revisions\/621"}],"wp:attachment":[{"href":"http:\/\/kaivospuu.fi\/en\/wp-json\/wp\/v2\/media?parent=72"}],"curies":[{"name":"wp","href":"https:\/\/api.w.org\/{rel}","templated":true}]}}