{"id":67,"date":"2020-12-24T12:55:08","date_gmt":"2020-12-24T12:55:08","guid":{"rendered":"http:\/\/kaivospuu.fi\/?page_id=67"},"modified":"2021-01-25T13:09:50","modified_gmt":"2021-01-25T13:09:50","slug":"tuotanto-ja-tuotteet-2","status":"publish","type":"page","link":"http:\/\/kaivospuu.fi\/en\/tuotanto-ja-tuotteet-2\/","title":{"rendered":"Production and products"},"content":{"rendered":"<p>[et_pb_section fb_built=&#8221;1&#8243; fullwidth=&#8221;on&#8221; _builder_version=&#8221;4.7.7&#8243; _module_preset=&#8221;default&#8221; background_color=&#8221;#5b5b5b&#8221;][et_pb_fullwidth_header title=&#8221;Tuotanto ja tuotteet&#8221; text_orientation=&#8221;center&#8221; background_overlay_color=&#8221;rgba(0,0,0,0.53)&#8221; content_max_width_tablet=&#8221;100%&#8221; content_max_width_last_edited=&#8221;off|desktop&#8221; _builder_version=&#8221;4.7.7&#8243; _module_preset=&#8221;default&#8221; title_font=&#8221;|700|||||||&#8221; content_font_size=&#8221;22px&#8221; content_line_height=&#8221;1.5em&#8221; background_enable_color=&#8221;off&#8221; background_image=&#8221;http:\/\/kaivospuu.fi\/wp-content\/uploads\/2020\/12\/2012-09-27-337-scaled.jpg&#8221; parallax=&#8221;on&#8221; custom_button_one=&#8221;on&#8221; button_one_use_icon=&#8221;off&#8221; button_one_custom_padding=&#8221;13px|35px|13px|35px|false|false&#8221; min_height=&#8221;50vh&#8221; min_height_tablet=&#8221;60vh&#8221; min_height_phone=&#8221;&#8221; min_height_last_edited=&#8221;on|phone&#8221; custom_padding_last_edited=&#8221;off|tablet&#8221; title_font_size_tablet=&#8221;&#8221; title_font_size_phone=&#8221;27px&#8221; title_font_size_last_edited=&#8221;on|phone&#8221; custom_css_main_element=&#8221;display:flex;||justify-content:center;||align-items:center;&#8221; custom_css_main_element_last_edited=&#8221;on|desktop&#8221;][\/et_pb_fullwidth_header][\/et_pb_section][et_pb_section fb_built=&#8221;1&#8243; _builder_version=&#8221;4.7.7&#8243; _module_preset=&#8221;default&#8221;][et_pb_row _builder_version=&#8221;4.7.7&#8243; _module_preset=&#8221;default&#8221; width_tablet=&#8221;&#8221; width_phone=&#8221;87%&#8221; width_last_edited=&#8221;on|phone&#8221;][et_pb_column type=&#8221;4_4&#8243; _builder_version=&#8221;4.7.7&#8243; _module_preset=&#8221;default&#8221;][et_pb_image src=&#8221;http:\/\/kaivospuu.fi\/wp-content\/uploads\/2020\/12\/logo-favicon.png&#8221; alt=&#8221;logo-favicon&#8221; align=&#8221;center&#8221; _builder_version=&#8221;4.7.7&#8243; _module_preset=&#8221;default&#8221;][\/et_pb_image][et_pb_text _builder_version=&#8221;4.7.7&#8243; _module_preset=&#8221;default&#8221; hover_enabled=&#8221;0&#8243; text_font_size_tablet=&#8221;&#8221; text_font_size_phone=&#8221;16px&#8221; text_font_size_last_edited=&#8221;on|phone&#8221; header_4_font_size_tablet=&#8221;&#8221; header_4_font_size_phone=&#8221;17px&#8221; header_4_font_size_last_edited=&#8221;on|phone&#8221; header_4_line_height_tablet=&#8221;&#8221; header_4_line_height_phone=&#8221;1.3em&#8221; header_4_line_height_last_edited=&#8221;on|phone&#8221; sticky_enabled=&#8221;0&#8243;]<\/p>\n<h4 style=\"text-align: center;\"><strong>Our production consists of sawing pine and spruce and we specialise in the production of healthy products in both types of wood.<\/strong><\/h4>\n<p style=\"text-align: center;\">Of the total production volume, 85,000 - 90,000 m3 per year, just over half is pine.<\/p>\n<p style=\"text-align: center;\">In our products, we are customer-oriented and we make a lot of special dimensions and customer qualities. The dimensions to be sawn are 15 mm to 63 mm thick and 63 to 175 mm wide.<\/p>\n<p style=\"text-align: center;\">Our sawing machine is Hewsaw R 200. The smallest log class to be sawn is 10 cm in diameter and the largest 23 cm. The log lengths of pine and spruce are 3.1 m and 4.3 m.<\/p>\n<p style=\"text-align: center;\">Thanks to our chamber dryers, we are able to serve our customers especially in special dry goods, up to 8-10% for carpenter's dry goods.<\/p>\n<p>[\/et_pb_text][et_pb_button button_url=&#8221;http:\/\/kaivospuu.fi\/yhteystiedot\/&#8221; button_text=&#8221;Ota yhteytt\u00e4&#8221; button_alignment=&#8221;center&#8221; _builder_version=&#8221;4.7.7&#8243; _module_preset=&#8221;default&#8221; custom_button=&#8221;on&#8221; button_use_icon=&#8221;off&#8221; custom_margin=&#8221;20px||||false|false&#8221; custom_padding=&#8221;13px|35px|13px|35px|true|true&#8221; button_text_size_tablet=&#8221;&#8221; button_text_size_phone=&#8221;14px&#8221; button_text_size_last_edited=&#8221;on|phone&#8221; global_module=&#8221;32&#8243; saved_tabs=&#8221;all&#8221;][\/et_pb_button][\/et_pb_column][\/et_pb_row][\/et_pb_section][et_pb_section fb_built=&#8221;1&#8243; custom_padding_last_edited=&#8221;on|phone&#8221; _builder_version=&#8221;4.7.7&#8243; _module_preset=&#8221;default&#8221; background_image=&#8221;http:\/\/kaivospuu.fi\/wp-content\/uploads\/2020\/12\/IMG_0618-scaled.jpg&#8221; parallax=&#8221;on&#8221; width_tablet=&#8221;&#8221; width_phone=&#8221;100%&#8221; width_last_edited=&#8221;on|phone&#8221; min_height=&#8221;500px&#8221; min_height_tablet=&#8221;&#8221; min_height_phone=&#8221;297px&#8221; min_height_last_edited=&#8221;on|phone&#8221; custom_margin_tablet=&#8221;&#8221; custom_margin_phone=&#8221;0px||0px||false|false&#8221; custom_margin_last_edited=&#8221;on|phone&#8221; custom_padding_tablet=&#8221;&#8221; custom_padding_phone=&#8221;0px||0px||true|false&#8221;][et_pb_row _builder_version=&#8221;4.7.7&#8243; _module_preset=&#8221;default&#8221;][et_pb_column type=&#8221;4_4&#8243; _builder_version=&#8221;4.7.7&#8243; _module_preset=&#8221;default&#8221;][et_pb_divider show_divider=&#8221;off&#8221; _builder_version=&#8221;4.7.7&#8243; _module_preset=&#8221;default&#8221;][\/et_pb_divider][\/et_pb_column][\/et_pb_row][\/et_pb_section]<\/p>","protected":false},"excerpt":{"rendered":"<p>Tuotantomme koostuu m\u00e4nnyn sek\u00e4 kuusen sahauksesta ja olemme erikoistuneet terveoksaisten tuotteiden valmistukseen molemmissa puulajeissa. Kokonaistuotantom\u00e4\u00e4r\u00e4st\u00e4, vuositasolla 85 000 \u2013 90 000 m3, hieman yli puolet on m\u00e4nty\u00e4. Tuotteissamme olemme asiakasl\u00e4ht\u00f6isi\u00e4 ja teemme runsaasti erikoisdimensioita ja asiakaslaatuja. Sahattavat dimensiot ovat 15 mm \u2013 63 mm paksuudeltaan ja 63 \u2013 175 mm leveydelt\u00e4\u00e4n. Sahakoneemme on Hewsaw R [&hellip;]<\/p>","protected":false},"author":1,"featured_media":0,"parent":0,"menu_order":0,"comment_status":"closed","ping_status":"closed","template":"","meta":{"_et_pb_use_builder":"on","_et_pb_old_content":"","_et_gb_content_width":"","footnotes":""},"class_list":["post-67","page","type-page","status-publish","hentry"],"_links":{"self":[{"href":"http:\/\/kaivospuu.fi\/en\/wp-json\/wp\/v2\/pages\/67","targetHints":{"allow":["GET"]}}],"collection":[{"href":"http:\/\/kaivospuu.fi\/en\/wp-json\/wp\/v2\/pages"}],"about":[{"href":"http:\/\/kaivospuu.fi\/en\/wp-json\/wp\/v2\/types\/page"}],"author":[{"embeddable":true,"href":"http:\/\/kaivospuu.fi\/en\/wp-json\/wp\/v2\/users\/1"}],"replies":[{"embeddable":true,"href":"http:\/\/kaivospuu.fi\/en\/wp-json\/wp\/v2\/comments?post=67"}],"version-history":[{"count":20,"href":"http:\/\/kaivospuu.fi\/en\/wp-json\/wp\/v2\/pages\/67\/revisions"}],"predecessor-version":[{"id":359,"href":"http:\/\/kaivospuu.fi\/en\/wp-json\/wp\/v2\/pages\/67\/revisions\/359"}],"wp:attachment":[{"href":"http:\/\/kaivospuu.fi\/en\/wp-json\/wp\/v2\/media?parent=67"}],"curies":[{"name":"wp","href":"https:\/\/api.w.org\/{rel}","templated":true}]}}